{"id":6519,"date":"2025-07-29T10:08:51","date_gmt":"2025-07-29T07:08:51","guid":{"rendered":"https:\/\/bsa2026.fi\/privacy-policy"},"modified":"2025-10-13T14:02:38","modified_gmt":"2025-10-13T11:02:38","slug":"tietosuojaseloste","status":"publish","type":"page","link":"https:\/\/bsa2026.fi\/fi\/tietosuojaseloste","title":{"rendered":"Tietosuojaseloste"},"content":{"rendered":"[vc_row type=&#8221;in_container&#8221; full_screen_row_position=&#8221;middle&#8221; column_margin=&#8221;default&#8221; column_direction=&#8221;default&#8221; column_direction_tablet=&#8221;default&#8221; column_direction_phone=&#8221;default&#8221; scene_position=&#8221;center&#8221; top_padding=&#8221;6%&#8221; constrain_group_1=&#8221;yes&#8221; bottom_padding=&#8221;6%&#8221; text_color=&#8221;dark&#8221; text_align=&#8221;left&#8221; row_border_radius=&#8221;none&#8221; row_border_radius_applies=&#8221;bg&#8221; overflow=&#8221;visible&#8221; overlay_strength=&#8221;0.3&#8243; gradient_direction=&#8221;left_to_right&#8221; shape_divider_position=&#8221;bottom&#8221; bg_image_animation=&#8221;none&#8221; gradient_type=&#8221;default&#8221; shape_type=&#8221;&#8221;][vc_column column_padding=&#8221;no-extra-padding&#8221; column_padding_tablet=&#8221;inherit&#8221; column_padding_phone=&#8221;inherit&#8221; column_padding_position=&#8221;all&#8221; column_element_direction_desktop=&#8221;default&#8221; column_element_spacing=&#8221;default&#8221; desktop_text_alignment=&#8221;default&#8221; tablet_text_alignment=&#8221;default&#8221; phone_text_alignment=&#8221;default&#8221; background_color_opacity=&#8221;1&#8243; background_hover_color_opacity=&#8221;1&#8243; column_backdrop_filter=&#8221;none&#8221; column_shadow=&#8221;none&#8221; column_border_radius=&#8221;none&#8221; column_link_target=&#8221;_self&#8221; column_position=&#8221;default&#8221; gradient_direction=&#8221;left_to_right&#8221; overlay_strength=&#8221;0.3&#8243; width=&#8221;1\/1&#8243; tablet_width_inherit=&#8221;default&#8221; animation_type=&#8221;default&#8221; bg_image_animation=&#8221;none&#8221; border_type=&#8221;simple&#8221; column_border_width=&#8221;none&#8221; column_border_style=&#8221;solid&#8221;][nectar_responsive_text inherited_font_style=&#8221;default&#8221; text_color=&#8221;#000000&#8243; text_direction=&#8221;default&#8221;]\n<h1>Tietosuojaseloste<\/h1>\n[\/nectar_responsive_text][vc_column_text css=&#8221;&#8221; text_direction=&#8221;default&#8221;]<strong>J\u00e4rjest\u00e4j\u00e4\/rekisterinpit\u00e4j\u00e4:<br \/>\n<\/strong><br \/>\nSakari Alhopuron s\u00e4\u00e4ti\u00f6 sr (Business ID 3097088-4)<br \/>\nCarita Rantanen <a href=\"mailto:carita.rantanen@sakarialhopuronsaatio.fi\">carita.rantanen@sakarialhopuronsaatio.fi<\/a><\/p>\n<p><strong>Henkil\u00f6tietojen k\u00e4sittelij\u00e4:<\/strong><\/p>\n<p>Certia Events (Business ID 2327422-3)<br \/>\nEducarium, Assistentinkatu 5, 20500 Turku, Finland<br \/>\nPuh. +358 (0)40 565 6716<br \/>\nS\u00e4hk\u00f6posti: <a href=\"mailto:events@certia.fi\">events@certia.fi<\/a><\/p>\n<p>J\u00e4rjest\u00e4j\u00e4 on antanut Certia Eventsille teht\u00e4v\u00e4ksi tapahtuman k\u00e4yt\u00e4nn\u00f6n j\u00e4rjestelyt, ja siten Certia Events toimii henkil\u00f6tietojen k\u00e4sittelij\u00e4n\u00e4, joka k\u00e4sittelee henkil\u00f6tietoja t\u00e4m\u00e4n tietosuojailmoituksen mukaisesti.<\/p>\n<p><strong>Mihin henkil\u00f6tietoja k\u00e4ytet\u00e4\u00e4n ja miten?\u00a0<\/strong><\/p>\n<p>Sinulta ker\u00e4t\u00e4\u00e4n s\u00e4hk\u00f6isen ilmoittautumisen kautta tietoja, joita tarvitaan esimerkiksi tapaamisten, logistiikan, sis\u00e4\u00e4nkirjautumisen ja maksuliikenteen asianmukaiseen toteuttamiseen. Tietojesi perusteella sinulle voidaan my\u00f6s toimittaa lis\u00e4tietoja tapahtumasta, johon olet ilmoittautunut, ennen tapahtumaa, sen aikana ja sen j\u00e4lkeen. Ker\u00e4\u00e4mme ainoastaan sellaisia tietoja, joita tarvitaan n\u00e4iden palvelujen tarjoamiseen.<\/p>\n<p>Henkil\u00f6tietojasi k\u00e4sitell\u00e4\u00e4n sen mukaisesti, kun Certia Events on sopinut kanssasi tapahtumaan ilmoittautumisen yhteydess\u00e4. Allergiatietojasi k\u00e4sitell\u00e4\u00e4n suostumuksellasi, jotta voimme huomioida ne tarjoiluissa.<\/p>\n<p>Henkil\u00f6tietojen k\u00e4sittelyn edellytyksen\u00e4 on osallistujan suostumus.<\/p>\n<p><strong>Mit\u00e4 tietoja ker\u00e4\u00e4mme?<\/strong><\/p>\n<p>Ker\u00e4\u00e4mme seuraavia tietoja:<\/p>\n<ul>\n<li>nimi ja yhteystiedot<\/li>\n<li>tiedot siit\u00e4, edustatko osallistujana jotakin organisaatiota tai yrityst\u00e4; t\u00e4ll\u00f6in my\u00f6s asema ja organisaation\/yrityksen nimi<\/li>\n<li>tiedot ruoka-aineallergioista<\/li>\n<li>laskutusosoite (jos kyseess\u00e4 on maksullinen tapahtuma).<\/li>\n<\/ul>\n<p>Saatamme ker\u00e4t\u00e4 muitakin olennaisia tietoja, jos tapahtuman luonne ja sen toteuttaminen sit\u00e4 edellytt\u00e4v\u00e4t.<\/p>\n<p><strong>Miten kauan tietoja s\u00e4ilytet\u00e4\u00e4n?<\/strong><\/p>\n<p>Henkil\u00f6tietoja s\u00e4ilytet\u00e4\u00e4n ainoastaan niin kauan kuin niiden k\u00e4sittelytarkoitus tai lains\u00e4\u00e4d\u00e4nt\u00f6 edellytt\u00e4\u00e4. Tarkastamme rekisterimme vuosittain ja poistamme poistettavissa olevat tiedot.<\/p>\n<p>Rekisterinpit\u00e4j\u00e4ll\u00e4 on t\u00e4m\u00e4n ilmoituksen ehtojen mukaisesti oikeus s\u00e4ilytt\u00e4\u00e4 tietoja tarvittaessa my\u00f6s tapahtuman j\u00e4lkeist\u00e4 yhteydenpitoa varten.<\/p>\n<p><strong>Keille tietojasi voidaan luovuttaa?\u00a0<\/strong><\/p>\n<p>Luovutamme joitakin tietoja tarpeen mukaan yhteisty\u00f6kumppaneillemme (kuten konferenssi- tai kokouspaikoille, hotelleille ja ravintoloille) sek\u00e4 toimeksiantajallemme (tapahtuman j\u00e4rjest\u00e4j\u00e4lle), joka toimii henkil\u00f6tietojen rekisterinpit\u00e4j\u00e4n\u00e4.<\/p>\n<p>Kaikki henkil\u00f6tiedot k\u00e4sitell\u00e4\u00e4n turvallisesti voimassa olevan lains\u00e4\u00e4d\u00e4nn\u00f6n mukaan. Henkil\u00f6tietojasi ei luovuteta muille eik\u00e4 siirret\u00e4 EU:n ja ETA-alueen ulkopuolelle ilman suostumustasi.<\/p>\n<p>Certia Events pyrkii k\u00e4ytt\u00e4m\u00e4\u00e4n liiketoiminnassaan palveluntarjoajia ja palveluja, jotka k\u00e4sittelev\u00e4t henkil\u00f6tietoja EU:ssa ja ETA-alueella. Koska Certia tekee kansainv\u00e4list\u00e4 yhteisty\u00f6t\u00e4, yhteisty\u00f6kumppaneinamme saattaa joissakin tapauksissa olla palveluntarjoajia, jotka k\u00e4sittelev\u00e4t henkil\u00f6tietoja EU:n ja ETA-alueen ulkopuolella. T\u00e4llaisessa tapauksessa henkil\u00f6tietojen siirto ja k\u00e4sittely perustuu yleisen tietosuoja-asetuksen 45 \u00a7:n mukaiseen EU komission vastaavuusp\u00e4\u00e4t\u00f6kseen, tai muuhun vastaavaan yleisen tietosuoja-asetuksen mukaiseen hyv\u00e4ksyttyyn siirtoperusteeseen.\u202fCertia noudattaa EU:n tietosuoja-asetuksessa m\u00e4\u00e4riteltyj\u00e4 tietosuojan riitt\u00e4vyytt\u00e4 ja asianmukaisia suojatoimia koskevia vaatimuksia, jotka koskevat henkil\u00f6tietojen siirtoa EU:n ja ETA-alueen ulkopuolelle.<\/p>\n<p>Jos haluat lis\u00e4tietoja, ota yhteytt\u00e4 Certia Eventsiin s\u00e4hk\u00f6postitse (<a href=\"mailto:events@certia.fi\">events@certia.fi<\/a>).<\/p>\n<p><strong>Mist\u00e4 l\u00e4hteist\u00e4 henkil\u00f6tietoja ker\u00e4t\u00e4\u00e4n?\u00a0<\/strong><\/p>\n<p>Henkil\u00f6tietojasi ker\u00e4t\u00e4\u00e4n suostumuksellasi, kun ilmoittaudut tapahtumaan. Ilmoittautumisen yhteydess\u00e4 voit antaa suostumuksesi osallistumisesi julkaisemiseen esim. osallistujaluetteloissa, verkkosivuilla ja sovelluksissa.<\/p>\n<p>Jos et ilmoittautuessasi anna pyydettyj\u00e4 tietoja, ilmoittautumistasi ei voida k\u00e4sitell\u00e4 eik\u00e4 Certia Events voi rekister\u00f6id\u00e4 sinua osallistujaksi.<\/p>\n<p><strong>Kuinka henkil\u00f6tietosi suojataan?\u00a0<\/strong><\/p>\n<p>S\u00e4hk\u00f6iset materiaalit s\u00e4ilytet\u00e4\u00e4n IT-j\u00e4rjestelmiss\u00e4 ja tietokoneilla, jotka on suojattu luvattomalta k\u00e4yt\u00f6lt\u00e4 muun muassa salasanoin. J\u00e4rjestelmiss\u00e4 on eri k\u00e4ytt\u00e4j\u00e4tasot, ja k\u00e4ytt\u00f6oikeudet on rajattu siten, ett\u00e4 k\u00e4ytt\u00e4jill\u00e4 on p\u00e4\u00e4sy ainoastaan ty\u00f6teht\u00e4viss\u00e4\u00e4n tarvitsemiinsa tietoihin.<\/p>\n<p>Paperimuotoisia tietoja s\u00e4ilytet\u00e4\u00e4n lukituissa tiloissa, joihin on rajoitettu p\u00e4\u00e4sy.<\/p>\n<p><strong>Mitk\u00e4 ovat oikeutesi rekister\u00f6ityn\u00e4?\u00a0<\/strong><\/p>\n<p>Rekister\u00f6ityn\u00e4 sinulla on oikeus:<\/p>\n<ul>\n<li>peruuttaa suostumuksesi<\/li>\n<li>pyyt\u00e4\u00e4 tietoja henkil\u00f6tietojesi k\u00e4sittelyst\u00e4<\/li>\n<li>saada n\u00e4ht\u00e4v\u00e4ksesi sinua koskevat henkil\u00f6tiedot<\/li>\n<li>vaatia virheellisten tietojen oikaisemista<\/li>\n<li>vaatia henkil\u00f6tietojesi poistamista<\/li>\n<li>rajoittaa henkil\u00f6tietojesi k\u00e4sittely\u00e4<\/li>\n<li>vastustaa henkil\u00f6tietojesi k\u00e4sittely\u00e4.<\/li>\n<\/ul>\n<p><strong>Tietosuojaselosteen p\u00e4ivittyminen<\/strong><\/p>\n<p>Tietosuojaselosteen ajantasainen versio l\u00f6ytyy tapahtuman verkkosivustolta.<\/p>\n<p><strong>Yhteystiedot<\/strong><\/p>\n<p>Voit peruuttaa suostumuksesi milloin tahansa ottamalla meihin yhteytt\u00e4 osoitteessa <a href=\"mailto:events@certia.fi\">events@certia.fi<\/a><\/p>\n<p>Jos sinulla on kysytt\u00e4v\u00e4\u00e4 henkil\u00f6tietojesi k\u00e4sittelyst\u00e4, ota meihin yhteytt\u00e4.[\/vc_column_text][\/vc_column][\/vc_row]\n","protected":false},"excerpt":{"rendered":"<p>[vc_row type=&#8221;in_container&#8221; full_screen_row_position=&#8221;middle&#8221; column_margin=&#8221;default&#8221; column_direction=&#8221;default&#8221; column_direction_tablet=&#8221;default&#8221; column_direction_phone=&#8221;default&#8221; scene_position=&#8221;center&#8221; top_padding=&#8221;6%&#8221; constrain_group_1=&#8221;yes&#8221; bottom_padding=&#8221;6%&#8221; text_color=&#8221;dark&#8221; text_align=&#8221;left&#8221; row_border_radius=&#8221;none&#8221; row_border_radius_applies=&#8221;bg&#8221; overflow=&#8221;visible&#8221; overlay_strength=&#8221;0.3&#8243; gradient_direction=&#8221;left_to_right&#8221; shape_divider_position=&#8221;bottom&#8221; bg_image_animation=&#8221;none&#8221; gradient_type=&#8221;default&#8221; shape_type=&#8221;&#8221;][vc_column column_padding=&#8221;no-extra-padding&#8221; column_padding_tablet=&#8221;inherit&#8221; column_padding_phone=&#8221;inherit&#8221; column_padding_position=&#8221;all&#8221; column_element_direction_desktop=&#8221;default&#8221; column_element_spacing=&#8221;default&#8221; desktop_text_alignment=&#8221;default&#8221; tablet_text_alignment=&#8221;default&#8221;&#8230;<\/p>\n","protected":false},"author":2,"featured_media":0,"parent":0,"menu_order":0,"comment_status":"closed","ping_status":"closed","template":"","meta":{"footnotes":""},"class_list":["post-6519","page","type-page","status-publish"],"_links":{"self":[{"href":"https:\/\/bsa2026.fi\/fi\/wp-json\/wp\/v2\/pages\/6519","targetHints":{"allow":["GET"]}}],"collection":[{"href":"https:\/\/bsa2026.fi\/fi\/wp-json\/wp\/v2\/pages"}],"about":[{"href":"https:\/\/bsa2026.fi\/fi\/wp-json\/wp\/v2\/types\/page"}],"author":[{"embeddable":true,"href":"https:\/\/bsa2026.fi\/fi\/wp-json\/wp\/v2\/users\/2"}],"replies":[{"embeddable":true,"href":"https:\/\/bsa2026.fi\/fi\/wp-json\/wp\/v2\/comments?post=6519"}],"version-history":[{"count":3,"href":"https:\/\/bsa2026.fi\/fi\/wp-json\/wp\/v2\/pages\/6519\/revisions"}],"predecessor-version":[{"id":6818,"href":"https:\/\/bsa2026.fi\/fi\/wp-json\/wp\/v2\/pages\/6519\/revisions\/6818"}],"wp:attachment":[{"href":"https:\/\/bsa2026.fi\/fi\/wp-json\/wp\/v2\/media?parent=6519"}],"curies":[{"name":"wp","href":"https:\/\/api.w.org\/{rel}","templated":true}]}}