{"id":6526,"date":"2025-07-24T13:02:06","date_gmt":"2025-07-24T10:02:06","guid":{"rendered":"https:\/\/bsa2026.fi\/accommodation"},"modified":"2026-03-26T15:02:34","modified_gmt":"2026-03-26T13:02:34","slug":"majoitus","status":"publish","type":"page","link":"https:\/\/bsa2026.fi\/fi\/majoitus","title":{"rendered":"Majoitus"},"content":{"rendered":"[vc_row type=&#8221;full_width_background&#8221; full_screen_row_position=&#8221;middle&#8221; column_margin=&#8221;default&#8221; equal_height=&#8221;yes&#8221; content_placement=&#8221;middle&#8221; column_direction=&#8221;default&#8221; column_direction_tablet=&#8221;default&#8221; column_direction_phone=&#8221;default&#8221; bg_color=&#8221;#004d79&#8243; bg_image=&#8221;6368&#8243; bg_image_type=&#8221;default&#8221; bg_position=&#8221;center bottom&#8221; background_image_loading=&#8221;default&#8221; bg_repeat=&#8221;no-repeat&#8221; scene_position=&#8221;center&#8221; top_padding=&#8221;12%&#8221; bottom_padding=&#8221;6%&#8221; text_color=&#8221;dark&#8221; text_align=&#8221;left&#8221; row_border_radius=&#8221;none&#8221; row_border_radius_applies=&#8221;bg&#8221; row_position_desktop=&#8221;default&#8221; row_position_tablet=&#8221;inherit&#8221; row_position_phone=&#8221;inherit&#8221; overflow=&#8221;visible&#8221; enable_gradient=&#8221;true&#8221; color_overlay=&#8221;#000000&#8243; color_overlay_2=&#8221;rgba(0,0,0,0.01)&#8221; overlay_strength=&#8221;0.5&#8243; gradient_direction=&#8221;left_to_right&#8221; shape_divider_position=&#8221;bottom&#8221; shape_divider_height=&#8221;10%&#8221; shape_divider_height_tablet=&#8221;10%&#8221; shape_divider_height_phone=&#8221;10%&#8221; bg_image_animation=&#8221;none&#8221; parallax_bg=&#8221;true&#8221; parallax_bg_speed=&#8221;fast&#8221; gradient_type=&#8221;default&#8221; shape_type=&#8221;curve&#8221;][vc_column column_padding=&#8221;no-extra-padding&#8221; column_padding_tablet=&#8221;no-extra-padding&#8221; column_padding_phone=&#8221;inherit&#8221; column_padding_position=&#8221;top&#8221; flex_gap_desktop=&#8221;10px&#8221; column_element_direction_desktop=&#8221;default&#8221; column_element_spacing=&#8221;default&#8221; desktop_text_alignment=&#8221;default&#8221; tablet_text_alignment=&#8221;default&#8221; phone_text_alignment=&#8221;default&#8221; background_color_opacity=&#8221;1&#8243; background_hover_color_opacity=&#8221;1&#8243; column_backdrop_filter=&#8221;none&#8221; column_shadow=&#8221;none&#8221; column_border_radius=&#8221;none&#8221; column_link_target=&#8221;_self&#8221; column_position=&#8221;default&#8221; gradient_direction=&#8221;left_to_right&#8221; overlay_strength=&#8221;0.3&#8243; width=&#8221;1\/1&#8243; tablet_width_inherit=&#8221;default&#8221; animation_type=&#8221;default&#8221; bg_image_animation=&#8221;none&#8221; border_type=&#8221;simple&#8221; column_border_width=&#8221;none&#8221; column_border_style=&#8221;solid&#8221; column_padding_type=&#8221;default&#8221; gradient_type=&#8221;default&#8221;][vc_row_inner equal_height=&#8221;yes&#8221; content_placement=&#8221;middle&#8221; column_margin=&#8221;default&#8221; column_direction=&#8221;default&#8221; column_direction_tablet=&#8221;default&#8221; column_direction_phone=&#8221;default&#8221; top_padding=&#8221;7%&#8221; constrain_group_1=&#8221;yes&#8221; bottom_padding=&#8221;7%&#8221; top_padding_tablet=&#8221;10%&#8221; constrain_group_3=&#8221;yes&#8221; bottom_padding_tablet=&#8221;10%&#8221; top_padding_phone=&#8221;15%&#8221; constrain_group_5=&#8221;yes&#8221; bottom_padding_phone=&#8221;15%&#8221; text_align=&#8221;left&#8221; row_position=&#8221;default&#8221; row_position_tablet=&#8221;inherit&#8221; row_position_phone=&#8221;inherit&#8221; overflow=&#8221;visible&#8221; pointer_events=&#8221;all&#8221;][vc_column_inner column_padding=&#8221;no-extra-padding&#8221; column_padding_tablet=&#8221;inherit&#8221; column_padding_phone=&#8221;inherit&#8221; column_padding_position=&#8221;all&#8221; flex_gap_desktop=&#8221;10px&#8221; column_element_direction_desktop=&#8221;default&#8221; column_element_spacing=&#8221;default&#8221; desktop_text_alignment=&#8221;default&#8221; tablet_text_alignment=&#8221;default&#8221; phone_text_alignment=&#8221;default&#8221; background_color_opacity=&#8221;1&#8243; background_hover_color_opacity=&#8221;1&#8243; column_backdrop_filter=&#8221;none&#8221; column_shadow=&#8221;none&#8221; column_border_radius=&#8221;none&#8221; column_link_target=&#8221;_self&#8221; overflow=&#8221;visible&#8221; gradient_direction=&#8221;left_to_right&#8221; overlay_strength=&#8221;0.3&#8243; width=&#8221;1\/1&#8243; tablet_width_inherit=&#8221;default&#8221; animation_type=&#8221;default&#8221; bg_image_animation=&#8221;none&#8221; border_type=&#8221;simple&#8221; column_border_width=&#8221;none&#8221; column_border_style=&#8221;solid&#8221;][nectar_responsive_text inherited_font_style=&#8221;default&#8221; text_color=&#8221;#dcedf8&#8243; text_direction=&#8221;default&#8221;]\n<h1>Majoitus<\/h1>\n[\/nectar_responsive_text][nectar_responsive_text inherited_font_style=&#8221;h6&#8243; text_color=&#8221;#ffffff&#8221; text_direction=&#8221;default&#8221;]Baltic Sea Archipelagos Symposium | 27.\u201328.4.2026 | Turku[\/nectar_responsive_text][\/vc_column_inner][\/vc_row_inner][\/vc_column][\/vc_row][vc_row type=&#8221;full_width_content&#8221; full_screen_row_position=&#8221;middle&#8221; column_margin=&#8221;default&#8221; column_direction=&#8221;default&#8221; column_direction_tablet=&#8221;default&#8221; column_direction_phone=&#8221;default&#8221; scene_position=&#8221;center&#8221; bottom_padding_tablet=&#8221;10%&#8221; text_color=&#8221;dark&#8221; text_align=&#8221;left&#8221; row_border_radius=&#8221;none&#8221; row_border_radius_applies=&#8221;bg&#8221; row_position_desktop=&#8221;default&#8221; row_position_tablet=&#8221;inherit&#8221; row_position_phone=&#8221;inherit&#8221; overflow=&#8221;visible&#8221; overlay_strength=&#8221;0.3&#8243; gradient_direction=&#8221;left_to_right&#8221; enable_shape_divider=&#8221;true&#8221; shape_divider_color=&#8221;#ffffff&#8221; shape_divider_position=&#8221;bottom&#8221; shape_divider_height=&#8221;50&#8243; shape_divider_height_tablet=&#8221;0&#8243; bg_image_animation=&#8221;none&#8221; gradient_type=&#8221;default&#8221; shape_type=&#8221;straight_section&#8221;][vc_column column_padding=&#8221;no-extra-padding&#8221; column_padding_tablet=&#8221;inherit&#8221; column_padding_phone=&#8221;inherit&#8221; column_padding_position=&#8221;all&#8221; flex_gap_desktop=&#8221;10px&#8221; column_element_direction_desktop=&#8221;default&#8221; column_element_spacing=&#8221;default&#8221; desktop_text_alignment=&#8221;default&#8221; tablet_text_alignment=&#8221;default&#8221; phone_text_alignment=&#8221;default&#8221; background_color_opacity=&#8221;1&#8243; background_hover_color_opacity=&#8221;1&#8243; column_backdrop_filter=&#8221;none&#8221; column_shadow=&#8221;none&#8221; column_border_radius=&#8221;none&#8221; column_link_target=&#8221;_self&#8221; column_position=&#8221;default&#8221; gradient_direction=&#8221;left_to_right&#8221; overlay_strength=&#8221;0.3&#8243; width=&#8221;1\/6&#8243; tablet_width_inherit=&#8221;default&#8221; animation_type=&#8221;default&#8221; bg_image_animation=&#8221;none&#8221; border_type=&#8221;simple&#8221; column_border_width=&#8221;none&#8221; column_border_style=&#8221;solid&#8221;][\/vc_column][vc_column column_padding=&#8221;padding-5-percent&#8221; column_padding_tablet=&#8221;inherit&#8221; column_padding_phone=&#8221;inherit&#8221; column_padding_position=&#8221;all&#8221; flex_gap_desktop=&#8221;10px&#8221; column_element_direction_desktop=&#8221;default&#8221; column_element_spacing=&#8221;30px&#8221; desktop_text_alignment=&#8221;default&#8221; tablet_text_alignment=&#8221;default&#8221; phone_text_alignment=&#8221;default&#8221; background_color_opacity=&#8221;1&#8243; background_hover_color_opacity=&#8221;1&#8243; column_backdrop_filter=&#8221;none&#8221; column_shadow=&#8221;none&#8221; column_border_radius=&#8221;none&#8221; column_link_target=&#8221;_self&#8221; column_position=&#8221;default&#8221; gradient_direction=&#8221;left_to_right&#8221; overlay_strength=&#8221;0.3&#8243; width=&#8221;2\/3&#8243; tablet_width_inherit=&#8221;default&#8221; animation_type=&#8221;default&#8221; bg_image_animation=&#8221;none&#8221; border_type=&#8221;simple&#8221; column_border_width=&#8221;none&#8221; column_border_style=&#8221;solid&#8221; column_padding_type=&#8221;default&#8221; gradient_type=&#8221;default&#8221;][vc_column_text css=&#8221;&#8221; text_direction=&#8221;default&#8221;]\n<h2>Majoittuminen Turussa<\/h2>\n[\/vc_column_text][vc_column_text css=&#8221;&#8221; text_direction=&#8221;default&#8221;]Alta l\u00f6yd\u00e4t kaksi Turun keskustassa sijaitsevaa hotellia, jotka tarjoavat BSA2026-osallistujille huoneita erikoishintaan.<\/p>\n<p>Teeth\u00e4n varauksesi suoraan hotelliin \u2013 l\u00f6yd\u00e4t hotellien yhteystiedot alta. Huoneiden hintaan sis\u00e4ltyy aamiainen ja ALV. Majoituskulut maksetaan suoraan hotelliin.<\/p>\n<p>Huomioithan, ett\u00e4 huoneet ovat varattavissa vain hotellin saatavuuden mukaan. Suosittelemme tekem\u00e4\u00e4n varaukset hyviss\u00e4 ajoin.<\/p>\n<p>Pyyd\u00e4mme osallistujia varomaan kontaktipyynt\u00f6j\u00e4 tahoilta, jotka v\u00e4itt\u00e4v\u00e4t j\u00e4rjest\u00e4v\u00e4ns\u00e4 matkoja tai majoitusta konferenssin osallistujille. Kalasteluyritykset ovat valitettavan yleisi\u00e4 nykyp\u00e4iv\u00e4n\u00e4.<\/p>\n<p>Alta l\u00f6yd\u00e4t esittelyn hotelleista.[\/vc_column_text][\/vc_column][vc_column column_padding=&#8221;no-extra-padding&#8221; column_padding_tablet=&#8221;inherit&#8221; column_padding_phone=&#8221;inherit&#8221; column_padding_position=&#8221;all&#8221; flex_gap_desktop=&#8221;10px&#8221; column_element_direction_desktop=&#8221;default&#8221; column_element_spacing=&#8221;default&#8221; desktop_text_alignment=&#8221;default&#8221; tablet_text_alignment=&#8221;default&#8221; phone_text_alignment=&#8221;default&#8221; background_color_opacity=&#8221;1&#8243; background_hover_color_opacity=&#8221;1&#8243; column_backdrop_filter=&#8221;none&#8221; column_shadow=&#8221;none&#8221; column_border_radius=&#8221;none&#8221; column_link_target=&#8221;_self&#8221; column_position=&#8221;default&#8221; gradient_direction=&#8221;left_to_right&#8221; overlay_strength=&#8221;0.3&#8243; width=&#8221;1\/6&#8243; tablet_width_inherit=&#8221;default&#8221; animation_type=&#8221;default&#8221; bg_image_animation=&#8221;none&#8221; border_type=&#8221;simple&#8221; column_border_width=&#8221;none&#8221; column_border_style=&#8221;solid&#8221; column_padding_type=&#8221;default&#8221; gradient_type=&#8221;default&#8221; offset=&#8221;vc_hidden-sm vc_hidden-xs&#8221;][image_with_animation image_url=&#8221;5984&#8243; image_size=&#8221;full&#8221; max_width=&#8221;125%&#8221; max_width_mobile=&#8221;default&#8221; animation_type=&#8221;entrance&#8221; animation=&#8221;None&#8221; animation_movement_type=&#8221;transform_y&#8221; hover_animation=&#8221;none&#8221; alignment=&#8221;right&#8221; border_radius=&#8221;none&#8221; box_shadow=&#8221;none&#8221; image_loading=&#8221;default&#8221;][\/vc_column][\/vc_row][vc_row type=&#8221;full_width_background&#8221; full_screen_row_position=&#8221;middle&#8221; column_margin=&#8221;default&#8221; equal_height=&#8221;yes&#8221; content_placement=&#8221;top&#8221; column_direction=&#8221;default&#8221; column_direction_tablet=&#8221;default&#8221; column_direction_phone=&#8221;default&#8221; scene_position=&#8221;center&#8221; bottom_padding=&#8221;6%&#8221; left_padding_desktop=&#8221;0&#8243; constrain_group_2=&#8221;yes&#8221; right_padding_desktop=&#8221;0&#8243; translate_y=&#8221;0&#8243; text_color=&#8221;dark&#8221; text_align=&#8221;left&#8221; row_border_radius=&#8221;none&#8221; row_border_radius_applies=&#8221;bg&#8221; row_position_desktop=&#8221;default&#8221; row_position_tablet=&#8221;inherit&#8221; row_position_phone=&#8221;inherit&#8221; overflow=&#8221;visible&#8221; overlay_strength=&#8221;0.3&#8243; gradient_direction=&#8221;left_to_right&#8221; shape_divider_position=&#8221;bottom&#8221; bg_image_animation=&#8221;none&#8221; gradient_type=&#8221;default&#8221; shape_type=&#8221;&#8221;][vc_column column_padding=&#8221;padding-5-percent&#8221; column_padding_tablet=&#8221;inherit&#8221; column_padding_phone=&#8221;inherit&#8221; column_padding_position=&#8221;all&#8221; flex_gap_desktop=&#8221;10px&#8221; column_element_direction_desktop=&#8221;default&#8221; column_element_spacing=&#8221;default&#8221; desktop_text_alignment=&#8221;default&#8221; tablet_text_alignment=&#8221;default&#8221; phone_text_alignment=&#8221;default&#8221; background_color=&#8221;#e8ebf0&#8243; background_color_opacity=&#8221;1&#8243; background_hover_color_opacity=&#8221;1&#8243; column_backdrop_filter=&#8221;none&#8221; column_shadow=&#8221;none&#8221; column_border_radius=&#8221;none&#8221; column_link_target=&#8221;_self&#8221; column_position=&#8221;default&#8221; gradient_direction=&#8221;left_to_right&#8221; overlay_strength=&#8221;0.3&#8243; width=&#8221;1\/2&#8243; tablet_width_inherit=&#8221;default&#8221; animation_type=&#8221;default&#8221; bg_image_animation=&#8221;none&#8221; border_type=&#8221;simple&#8221; column_border_width=&#8221;none&#8221; column_border_style=&#8221;solid&#8221; column_padding_type=&#8221;default&#8221; gradient_type=&#8221;default&#8221;][vc_custom_heading text=&#8221;Radisson Blu Marina Palace Hotel&#8221; font_container=&#8221;tag:h3|text_align:left|color:%23000000&#8243; use_theme_fonts=&#8221;yes&#8221; css=&#8221;&#8221;][vc_column_text css=&#8221;&#8221; text_direction=&#8221;default&#8221;]Linnankatu 32, 20100 Turku<br \/>\n<a href=\"mailto:reservations.finland@radissonblu.com\">reservations.finland@radissonblu.com<\/a><br \/>\n<a href=\"https:\/\/www.radissonhotels.com\/fi-fi\/hotellit\/radisson-blu-marina-turku\" rel=\"nofollow noopener\" target=\"_blank\">Hotellin nettisivut<\/a>[\/vc_column_text][toggles style=&#8221;minimal_small&#8221;][toggle color=&#8221;Extra-Color-2&#8243; heading_tag=&#8221;h6&#8243; heading_tag_functionality=&#8221;default&#8221; title=&#8221;Read more&#8221;][vc_column_text css=&#8221;&#8221; text_direction=&#8221;default&#8221;]Radisson Blu Marina Palace Hotel tarjoaa upeat n\u00e4kym\u00e4t Aurajoelle. Konferenssipaikka Turun Kaupunginteatteri sijaitsee vain lyhyen k\u00e4velymatkan p\u00e4\u00e4ss\u00e4, joen toisella puolella. Hotelli tarjoaa vierailleen maksuttoman p\u00e4\u00e4syn rentouttaviin saunoihinsa.<\/p>\n<p>Erinomainen sijainti ja rento ilmapiiri tekev\u00e4t hotellista k\u00e4tev\u00e4n ja mukavan valinnan konferenssivieraille.<\/p>\n<p>Hotellille on my\u00f6nnetty kansainv\u00e4linen matkailualan Green Key -sertifikaatti sek\u00e4 Sustainable Travel Finland (STF) -merkki tunnustuksina sen sitoutumisesta kest\u00e4v\u00e4n kehityksen periaatteisiin.<\/p>\n<p><strong>Hinnat:<br \/>\n<\/strong>Standard, 1hh huone 137 eur \/ y\u00f6<br \/>\nStandard, 2hh huone 157 eur\/ y\u00f6<\/p>\n<p><strong>Varaukset:<br \/>\n<\/strong>K\u00e4yt\u00e4 koodia BSA2026 kun varaat huoneen hotellin <a href=\"https:\/\/www.radissonhotels.com\/fi-fi\/hotellit\/radisson-blu-marina-turku\" rel=\"nofollow noopener\" target=\"_blank\">nettisivuilta<\/a>, puhelimitse tai s\u00e4hk\u00f6postitse.\u00a0Huomaathan, ett\u00e4 varaus on teht\u00e4v\u00e4 27.3.2026 menness\u00e4.[\/vc_column_text][\/toggle][\/toggles][\/vc_column][vc_column column_padding=&#8221;padding-5-percent&#8221; column_padding_tablet=&#8221;inherit&#8221; column_padding_phone=&#8221;inherit&#8221; column_padding_position=&#8221;all&#8221; flex_gap_desktop=&#8221;10px&#8221; column_element_direction_desktop=&#8221;default&#8221; column_element_spacing=&#8221;default&#8221; desktop_text_alignment=&#8221;default&#8221; tablet_text_alignment=&#8221;default&#8221; phone_text_alignment=&#8221;default&#8221; background_color=&#8221;#e8ebf0&#8243; background_color_opacity=&#8221;1&#8243; background_hover_color_opacity=&#8221;1&#8243; column_backdrop_filter=&#8221;none&#8221; column_shadow=&#8221;none&#8221; column_border_radius=&#8221;none&#8221; column_link_target=&#8221;_self&#8221; column_position=&#8221;default&#8221; gradient_direction=&#8221;left_to_right&#8221; overlay_strength=&#8221;0.3&#8243; width=&#8221;1\/2&#8243; tablet_width_inherit=&#8221;default&#8221; animation_type=&#8221;default&#8221; bg_image_animation=&#8221;none&#8221; border_type=&#8221;simple&#8221; column_border_width=&#8221;none&#8221; column_border_style=&#8221;solid&#8221; column_padding_type=&#8221;default&#8221; gradient_type=&#8221;default&#8221;][vc_custom_heading text=&#8221;Solo Sokos Hotel Turun Seurahuone&#8221; font_container=&#8221;tag:h3|text_align:left|color:%23000000&#8243; use_theme_fonts=&#8221;yes&#8221; css=&#8221;&#8221;][vc_column_text css=&#8221;&#8221; text_direction=&#8221;default&#8221;]Humalistonkatu 2, 20100 Turku<br \/>\n+358 10 786 4000<br \/>\n<a id=\"OWA863f0611-daa4-5d26-2a77-db06e98b4074\" class=\"OWAAutoLink\" href=\"mailto:seurahuone.turku@sokoshotels.fi\">seurahuone.turku@sokoshotels.fi<\/a><br \/>\n<a id=\"OWA0523cf3a-7441-51ce-465d-790e5313ecbb\" class=\"OWAAutoLink\" href=\"https:\/\/www.sokoshotels.fi\/hotellit\/turku\/solo-sokos-hotel-turun-seurahuone\" target=\"_blank\" rel=\"noopener nofollow\">Hotellin nettisivut\u00a0<\/a>[\/vc_column_text][toggles style=&#8221;minimal_small&#8221;][toggle color=&#8221;Extra-Color-2&#8243; heading_tag=&#8221;h6&#8243; heading_tag_functionality=&#8221;default&#8221; title=&#8221;Read more&#8221;][vc_column_text css=&#8221;&#8221; text_direction=&#8221;default&#8221;]Turun Seurahuone on tyylik\u00e4s ja eloisa boutique-hotelli Turun syd\u00e4mess\u00e4, vain muutaman korttelin p\u00e4\u00e4ss\u00e4 Kauppatorilta ja konferenssipaikalta.<\/p>\n<p>Jokainen huone on uniikki kooltaan ja sisustukseltaan. Aamiainen sis\u00e4lt\u00e4\u00e4 huolella valitut paikalliset artesaanituotteet, tuoreen kahvin ja ensiluokkaisen palvelun. Vierailla on my\u00f6s k\u00e4yt\u00f6ss\u00e4\u00e4n kuntosali ja sauna rentoutumiseen.<\/p>\n<p>Hotellille on my\u00f6nnetty kansainv\u00e4linen matkailualan Green Key -sertifikaatti sek\u00e4 Sustainable Travel Finland (STF) -merkki tunnustuksina sen sitoutumisesta kest\u00e4v\u00e4n kehityksen periaatteisiin.<\/p>\n<p><strong>Hinnat:<\/strong><br \/>\nSolo, 1hh huone 137 eur\/ y\u00f6<br \/>\nSolo, 2hh huone 157 eur\/ y\u00f6<\/p>\n<p><strong>Reservations:<\/strong><br \/>\nK\u00e4yt\u00e4 koodia BSA2026 kun varaat huoneen hotellin <a href=\"https:\/\/www.sokoshotels.fi\/hotellit\/turku\/solo-sokos-hotel-turun-seurahuone\" rel=\"nofollow noopener\" target=\"_blank\">nettisivuilta<\/a>, puhelimitse tai s\u00e4hk\u00f6postitse.\u00a0Huomaathan, ett\u00e4 varaus on teht\u00e4v\u00e4 27.3.2026 menness\u00e4.[\/vc_column_text][\/toggle][\/toggles][\/vc_column][\/vc_row]\n","protected":false},"excerpt":{"rendered":"<p>[vc_row type=&#8221;full_width_background&#8221; full_screen_row_position=&#8221;middle&#8221; column_margin=&#8221;default&#8221; equal_height=&#8221;yes&#8221; content_placement=&#8221;middle&#8221; column_direction=&#8221;default&#8221; column_direction_tablet=&#8221;default&#8221; column_direction_phone=&#8221;default&#8221; bg_color=&#8221;#004d79&#8243; bg_image=&#8221;6368&#8243; bg_image_type=&#8221;default&#8221; bg_position=&#8221;center bottom&#8221; background_image_loading=&#8221;default&#8221; bg_repeat=&#8221;no-repeat&#8221; scene_position=&#8221;center&#8221; top_padding=&#8221;12%&#8221; bottom_padding=&#8221;6%&#8221; text_color=&#8221;dark&#8221; text_align=&#8221;left&#8221; row_border_radius=&#8221;none&#8221; row_border_radius_applies=&#8221;bg&#8221; row_position_desktop=&#8221;default&#8221; row_position_tablet=&#8221;inherit&#8221; row_position_phone=&#8221;inherit&#8221; overflow=&#8221;visible&#8221; enable_gradient=&#8221;true&#8221; color_overlay=&#8221;#000000&#8243; color_overlay_2=&#8221;rgba(0,0,0,0.01)&#8221;&#8230;<\/p>\n","protected":false},"author":2,"featured_media":0,"parent":0,"menu_order":0,"comment_status":"closed","ping_status":"closed","template":"","meta":{"footnotes":""},"class_list":["post-6526","page","type-page","status-publish"],"_links":{"self":[{"href":"https:\/\/bsa2026.fi\/fi\/wp-json\/wp\/v2\/pages\/6526","targetHints":{"allow":["GET"]}}],"collection":[{"href":"https:\/\/bsa2026.fi\/fi\/wp-json\/wp\/v2\/pages"}],"about":[{"href":"https:\/\/bsa2026.fi\/fi\/wp-json\/wp\/v2\/types\/page"}],"author":[{"embeddable":true,"href":"https:\/\/bsa2026.fi\/fi\/wp-json\/wp\/v2\/users\/2"}],"replies":[{"embeddable":true,"href":"https:\/\/bsa2026.fi\/fi\/wp-json\/wp\/v2\/comments?post=6526"}],"version-history":[{"count":11,"href":"https:\/\/bsa2026.fi\/fi\/wp-json\/wp\/v2\/pages\/6526\/revisions"}],"predecessor-version":[{"id":7638,"href":"https:\/\/bsa2026.fi\/fi\/wp-json\/wp\/v2\/pages\/6526\/revisions\/7638"}],"wp:attachment":[{"href":"https:\/\/bsa2026.fi\/fi\/wp-json\/wp\/v2\/media?parent=6526"}],"curies":[{"name":"wp","href":"https:\/\/api.w.org\/{rel}","templated":true}]}}